{"id":2449,"date":"2024-05-29T12:49:26","date_gmt":"2024-05-29T10:49:26","guid":{"rendered":"https:\/\/healthandwellnessexpo.ma\/?page_id=2449"},"modified":"2025-12-03T11:29:10","modified_gmt":"2025-12-03T10:29:10","slug":"articles","status":"publish","type":"page","link":"https:\/\/pharmahealthexpo.ma\/en\/articles\/","title":{"rendered":"Articles"},"content":{"rendered":"<div data-elementor-type=\"wp-page\" data-elementor-id=\"2449\" class=\"elementor elementor-2449\">\n\t\t\t\t\t\t<section class=\"elementor-section elementor-top-section elementor-element elementor-element-4085a02 elementor-section-full_width elementor-section-stretched elementor-section-height-default elementor-section-height-default\" data-id=\"4085a02\" data-element_type=\"section\" data-e-type=\"section\" data-settings=\"{&quot;background_background&quot;:&quot;classic&quot;,&quot;stretch_section&quot;:&quot;section-stretched&quot;}\">\n\t\t\t\t\t\t<div class=\"elementor-container elementor-column-gap-no\">\n\t\t\t\t\t<div class=\"elementor-column elementor-col-100 elementor-top-column elementor-element elementor-element-0cc29cc\" data-id=\"0cc29cc\" data-element_type=\"column\" data-e-type=\"column\">\n\t\t\t<div class=\"elementor-widget-wrap elementor-element-populated\">\n\t\t\t\t\t\t<section class=\"elementor-section elementor-inner-section elementor-element elementor-element-a3affdd elementor-section-full_width elementor-section-height-default elementor-section-height-default\" data-id=\"a3affdd\" data-element_type=\"section\" data-e-type=\"section\">\n\t\t\t\t\t\t<div class=\"elementor-container elementor-column-gap-no\">\n\t\t\t\t\t<div class=\"elementor-column elementor-col-50 elementor-inner-column elementor-element elementor-element-0bdaa14\" data-id=\"0bdaa14\" data-element_type=\"column\" data-e-type=\"column\">\n\t\t\t<div class=\"elementor-widget-wrap elementor-element-populated\">\n\t\t\t\t\t\t<div class=\"elementor-element elementor-element-5fbf87e elementor-widget elementor-widget-image\" data-id=\"5fbf87e\" data-element_type=\"widget\" data-e-type=\"widget\" data-settings=\"{&quot;ekit_we_effect_on&quot;:&quot;none&quot;}\" data-widget_type=\"image.default\">\n\t\t\t\t<div class=\"elementor-widget-container\">\n\t\t\t\t\t\t\t\t\t\t\t\t\t\t\t<img fetchpriority=\"high\" decoding=\"async\" width=\"700\" height=\"300\" src=\"https:\/\/pharmahealthexpo.ma\/wp-content\/uploads\/2025\/12\/banner-health-inner-26.png\" class=\"attachment-full size-full wp-image-4913\" alt=\"\" srcset=\"https:\/\/pharmahealthexpo.ma\/wp-content\/uploads\/2025\/12\/banner-health-inner-26.png 700w, https:\/\/pharmahealthexpo.ma\/wp-content\/uploads\/2025\/12\/banner-health-inner-26-18x8.png 18w\" sizes=\"(max-width: 700px) 100vw, 700px\" \/>\t\t\t\t\t\t\t\t\t\t\t\t\t\t\t<\/div>\n\t\t\t\t<\/div>\n\t\t\t\t\t<\/div>\n\t\t<\/div>\n\t\t\t\t<div class=\"elementor-column elementor-col-50 elementor-inner-column elementor-element elementor-element-5c8bc41\" data-id=\"5c8bc41\" data-element_type=\"column\" data-e-type=\"column\">\n\t\t\t<div class=\"elementor-widget-wrap elementor-element-populated\">\n\t\t\t\t\t\t<div class=\"elementor-element elementor-element-fb6f61f elementor-invisible elementor-widget elementor-widget-exhibz-title\" data-id=\"fb6f61f\" data-element_type=\"widget\" data-e-type=\"widget\" data-settings=\"{&quot;_animation&quot;:&quot;fadeInUp&quot;,&quot;_animation_delay&quot;:350,&quot;ekit_we_effect_on&quot;:&quot;none&quot;}\" data-widget_type=\"exhibz-title.default\">\n\t\t\t\t<div class=\"elementor-widget-container\">\n\t\t\t\t\t\n    <div class=\"title-section-area\">\n        <h2 class=\"section-title\">\n            <span class=\"sub-title\"><\/span>\n\t\t\tArticles of Pharma Health Expo        <\/h2>\n\t\t                    <\/div><!-- Section title -->\n    \n    \n\n    \t\t\t\t<\/div>\n\t\t\t\t<\/div>\n\t\t\t\t<div class=\"elementor-element elementor-element-9fb0ba7 elementor-widget elementor-widget-text-editor\" data-id=\"9fb0ba7\" data-element_type=\"widget\" data-e-type=\"widget\" data-settings=\"{&quot;ekit_we_effect_on&quot;:&quot;none&quot;}\" data-widget_type=\"text-editor.default\">\n\t\t\t\t<div class=\"elementor-widget-container\">\n\t\t\t\t\t\t\t\t\t<p>Providing exclusive perspectives on the latest trends and developments in hospital management, healthcare technology, specialties and much more.<\/p>\t\t\t\t\t\t\t\t<\/div>\n\t\t\t\t<\/div>\n\t\t\t\t<div class=\"elementor-element elementor-element-c85ba35 elementor-align-left elementor-widget__width-inherit elementor-mobile-align-center elementor-invisible elementor-widget elementor-widget-button\" data-id=\"c85ba35\" data-element_type=\"widget\" data-e-type=\"widget\" data-settings=\"{&quot;_animation&quot;:&quot;fadeInUp&quot;,&quot;ekit_we_effect_on&quot;:&quot;none&quot;}\" data-no-translation=\"\" data-widget_type=\"button.default\">\n\t\t\t\t<div class=\"elementor-widget-container\">\n\t\t\t\t\t<style>.elementor-element-c85ba35{display:none !important}<\/style>\t\t\t\t<\/div>\n\t\t\t\t<\/div>\n\t\t\t\t<div class=\"elementor-element elementor-element-f4bb2d6 elementor-align-left elementor-widget__width-inherit elementor-mobile-align-center elementor-invisible elementor-widget elementor-widget-button\" data-id=\"f4bb2d6\" data-element_type=\"widget\" data-e-type=\"widget\" data-settings=\"{&quot;_animation&quot;:&quot;fadeInUp&quot;,&quot;ekit_we_effect_on&quot;:&quot;none&quot;}\" data-no-translation=\"\" data-widget_type=\"button.default\">\n\t\t\t\t<div class=\"elementor-widget-container\">\n\t\t\t\t\t\t\t\t\t<div class=\"elementor-button-wrapper\">\n\t\t\t\t\t<a class=\"elementor-button elementor-button-link elementor-size-md\" href=\"\/en\/blog\/lia-dans-la-chirurgie-amelioration-des-resultats-et-precision\/\">\n\t\t\t\t\t\t<span class=\"elementor-button-content-wrapper\">\n\t\t\t\t\t\t<span class=\"elementor-button-icon\">\n\t\t\t\t<i aria-hidden=\"true\" class=\"fas fa-long-arrow-alt-right\"><\/i>\t\t\t<\/span>\n\t\t\t\t\t\t\t\t\t<span class=\"elementor-button-text\">See the latest article<\/span>\n\t\t\t\t\t<\/span>\n\t\t\t\t\t<\/a>\n\t\t\t\t<\/div>\n\t\t\t\t\t\t\t\t<\/div>\n\t\t\t\t<\/div>\n\t\t\t\t\t<\/div>\n\t\t<\/div>\n\t\t\t\t\t<\/div>\n\t\t<\/section>\n\t\t\t\t\t<\/div>\n\t\t<\/div>\n\t\t\t\t\t<\/div>\n\t\t<\/section>\n\t\t\t\t<section class=\"elementor-section elementor-top-section elementor-element elementor-element-b690340 elementor-section-full_width elementor-section-height-default elementor-section-height-default\" data-id=\"b690340\" data-element_type=\"section\" data-e-type=\"section\" data-settings=\"{&quot;background_background&quot;:&quot;classic&quot;}\">\n\t\t\t\t\t\t<div class=\"elementor-container elementor-column-gap-default\">\n\t\t\t\t\t<div class=\"elementor-column elementor-col-100 elementor-top-column elementor-element elementor-element-a333d7d\" data-id=\"a333d7d\" data-element_type=\"column\" data-e-type=\"column\">\n\t\t\t<div class=\"elementor-widget-wrap elementor-element-populated\">\n\t\t\t\t\t\t<div class=\"elementor-element elementor-element-f8ea5c1 elementor-align-center elementor-icon-list--layout-inline elementor-tablet-align-center elementor-mobile-align-center elementor-list-item-link-full_width elementor-widget elementor-widget-icon-list\" data-id=\"f8ea5c1\" data-element_type=\"widget\" data-e-type=\"widget\" data-settings=\"{&quot;ekit_we_effect_on&quot;:&quot;none&quot;}\" data-widget_type=\"icon-list.default\">\n\t\t\t\t<div class=\"elementor-widget-container\">\n\t\t\t\t\t\t\t<ul class=\"elementor-icon-list-items elementor-inline-items\">\n\t\t\t\t\t\t\t<li class=\"elementor-icon-list-item elementor-inline-item\">\n\t\t\t\t\t\t\t\t\t\t\t<span class=\"elementor-icon-list-icon\">\n\t\t\t\t\t\t\t<i aria-hidden=\"true\" class=\"far fa-calendar-alt\"><\/i>\t\t\t\t\t\t<\/span>\n\t\t\t\t\t\t\t\t\t\t<span class=\"elementor-icon-list-text\">June 26 and 27, 2026<\/span>\n\t\t\t\t\t\t\t\t\t<\/li>\n\t\t\t\t\t\t\t\t<li class=\"elementor-icon-list-item elementor-inline-item\">\n\t\t\t\t\t\t\t\t\t\t\t<span class=\"elementor-icon-list-icon\">\n\t\t\t\t\t\t\t<i aria-hidden=\"true\" class=\"fas fa-hotel\"><\/i>\t\t\t\t\t\t<\/span>\n\t\t\t\t\t\t\t\t\t\t<span class=\"elementor-icon-list-text\">DoubleTree Casablanca Hotel (Formerly Grand Mogador)<\/span>\n\t\t\t\t\t\t\t\t\t<\/li>\n\t\t\t\t\t\t<\/ul>\n\t\t\t\t\t\t<\/div>\n\t\t\t\t<\/div>\n\t\t\t\t\t<\/div>\n\t\t<\/div>\n\t\t\t\t\t<\/div>\n\t\t<\/section>\n\t\t\t\t<section class=\"elementor-section elementor-top-section elementor-element elementor-element-3cdade9 elementor-section-boxed elementor-section-height-default elementor-section-height-default\" data-id=\"3cdade9\" data-element_type=\"section\" data-e-type=\"section\">\n\t\t\t\t\t\t<div class=\"elementor-container elementor-column-gap-default\">\n\t\t\t\t\t<div class=\"elementor-column elementor-col-100 elementor-top-column elementor-element elementor-element-f80063f\" data-id=\"f80063f\" data-element_type=\"column\" data-e-type=\"column\">\n\t\t\t<div class=\"elementor-widget-wrap elementor-element-populated\">\n\t\t\t\t\t\t<div class=\"elementor-element elementor-element-031a9b8 elementor-invisible elementor-widget elementor-widget-exhibz-title\" data-id=\"031a9b8\" data-element_type=\"widget\" data-e-type=\"widget\" data-settings=\"{&quot;_animation&quot;:&quot;fadeInUp&quot;,&quot;_animation_delay&quot;:350,&quot;ekit_we_effect_on&quot;:&quot;none&quot;}\" data-widget_type=\"exhibz-title.default\">\n\t\t\t\t<div class=\"elementor-widget-container\">\n\t\t\t\t\t\n    <div class=\"title-section-area\">\n        <h2 class=\"section-title\">\n            <span class=\"sub-title\">Featured Articles<\/span>\n\t\t\t        <\/h2>\n\t\t                    <\/div><!-- Section title -->\n    \n    \n\n    \t\t\t\t<\/div>\n\t\t\t\t<\/div>\n\t\t\t\t<div class=\"elementor-element elementor-element-27e19b9 elementor-widget elementor-widget-eael-post-timeline\" data-id=\"27e19b9\" data-element_type=\"widget\" data-e-type=\"widget\" data-settings=\"{&quot;ekit_we_effect_on&quot;:&quot;none&quot;}\" data-widget_type=\"eael-post-timeline.default\">\n\t\t\t\t<div class=\"elementor-widget-container\">\n\t\t\t\t\t<div id=\"eael-post-timeline-27e19b9\" class=\"eael-post-timeline timeline-layout-default eael-post-timeline-arrow-\">\n            <div class=\"eael-post-timeline eael-post-appender eael-post-appender-27e19b9\"><article class=\"eael-timeline-post eael-timeline-column\">\n    <div class=\"eael-timeline-bullet\"><\/div>\n    <div class=\"eael-timeline-post-inner\">\n        <a class=\"eael-timeline-post-link\" href=\"https:\/\/pharmahealthexpo.ma\/en\/blog\/pharma-health-expo-2026-simpose-comme-le-rendez-vous-business-des-marques-sante-et-du-retail-pharmacie-parapharmacie\/\" title=\"Pharma Health Expo 2026 is establishing itself as the business event for health brands and pharmacy\/parapharmacy retail.\">\n            <time datetime=\"9 December 2025\">9 December 2025<\/time>\n            <div class=\"eael-timeline-post-image  attachment-medium size-medium\" style=\"background-image: url(https:\/\/pharmahealthexpo.ma\/wp-content\/uploads\/2025\/12\/ARTICLE-BNR.png);\"><\/div><div class=\"eael-timeline-post-excerpt\"><p>Les 26 &amp; 27 juin 2026 \u00e0 Casablanca, l\u2019\u00e9v\u00e9nement r\u00e9unit...<\/p><\/div><div class=\"eael-timeline-post-title\">\n                    <h2 class=\"eael-timeline-post-title-text\">Pharma Health Expo 2026 is establishing itself as the business event for health brands and pharmacy\/parapharmacy retail.<\/h2>\n                <\/div><\/a>\n    <\/div>\n<\/article><article class=\"eael-timeline-post eael-timeline-column\">\n    <div class=\"eael-timeline-bullet\"><\/div>\n    <div class=\"eael-timeline-post-inner\">\n        <a class=\"eael-timeline-post-link\" href=\"https:\/\/pharmahealthexpo.ma\/en\/blog\/un-salon-reussi-commence-avant-louverture-des-portes\/\" title=\"A successful exhibition begins before the doors open.\">\n            <time datetime=\"9 December 2025\">9 December 2025<\/time>\n            <div class=\"eael-timeline-post-image  attachment-medium size-medium\" style=\"background-image: url(https:\/\/pharmahealthexpo.ma\/wp-content\/uploads\/2025\/12\/ARTICLE-BNR.png);\"><\/div><div class=\"eael-timeline-post-excerpt\"><p>Voici la m\u00e9thode utilis\u00e9e par les marques qui g\u00e9n\u00e8rent le...<\/p><\/div><div class=\"eael-timeline-post-title\">\n                    <h2 class=\"eael-timeline-post-title-text\">A successful exhibition begins before the doors open.<\/h2>\n                <\/div><\/a>\n    <\/div>\n<\/article><article class=\"eael-timeline-post eael-timeline-column\">\n    <div class=\"eael-timeline-bullet\"><\/div>\n    <div class=\"eael-timeline-post-inner\">\n        <a class=\"eael-timeline-post-link\" href=\"https:\/\/pharmahealthexpo.ma\/en\/blog\/la-marge-dune-pharmacie-depend-dabord-du-choix-des-marques\/\" title=\"A pharmacy&#039;s profit margin depends primarily on the choice of brands.\">\n            <time datetime=\"9 December 2025\">9 December 2025<\/time>\n            <div class=\"eael-timeline-post-image  attachment-medium size-medium\" style=\"background-image: url(https:\/\/pharmahealthexpo.ma\/wp-content\/uploads\/2025\/12\/ARTICLE-BNR.png);\"><\/div><div class=\"eael-timeline-post-excerpt\"><p>Un bon fournisseur n\u2019est pas celui qui vend beaucoup :c\u2019est...<\/p><\/div><div class=\"eael-timeline-post-title\">\n                    <h2 class=\"eael-timeline-post-title-text\">A pharmacy's profit margin depends primarily on the choice of brands.<\/h2>\n                <\/div><\/a>\n    <\/div>\n<\/article><article class=\"eael-timeline-post eael-timeline-column\">\n    <div class=\"eael-timeline-bullet\"><\/div>\n    <div class=\"eael-timeline-post-inner\">\n        <a class=\"eael-timeline-post-link\" href=\"https:\/\/pharmahealthexpo.ma\/en\/blog\/un-salon-professionnel-peut-transformer-la-maniere-dont-une-pharmacie-choisit-ses-produits-et-developpe-ses-ventes\/\" title=\"An exhibition can transform the way a pharmacy chooses its products and develops its sales.\">\n            <time datetime=\"9 December 2025\">9 December 2025<\/time>\n            <div class=\"eael-timeline-post-image  attachment-medium size-medium\" style=\"background-image: url(https:\/\/pharmahealthexpo.ma\/wp-content\/uploads\/2025\/12\/ARTICLE-BNR.png);\"><\/div><div class=\"eael-timeline-post-excerpt\"><p>Mais attention : cela n\u2019est vrai que pour un salon...<\/p><\/div><div class=\"eael-timeline-post-title\">\n                    <h2 class=\"eael-timeline-post-title-text\">An exhibition can transform the way a pharmacy chooses its products and develops its sales.<\/h2>\n                <\/div><\/a>\n    <\/div>\n<\/article><article class=\"eael-timeline-post eael-timeline-column\">\n    <div class=\"eael-timeline-bullet\"><\/div>\n    <div class=\"eael-timeline-post-inner\">\n        <a class=\"eael-timeline-post-link\" href=\"https:\/\/pharmahealthexpo.ma\/en\/blog\/exposer-dans-un-salon-100-business-nest-plus-une-option-cest-un-accelerateur-de-croissance\/\" title=\"Exhibiting at a 100% business-focused exhibition is no longer an option: it&#039;s a growth accelerator\">\n            <time datetime=\"8 December 2025\">8 December 2025<\/time>\n            <div class=\"eael-timeline-post-image  attachment-medium size-medium\" style=\"background-image: url(https:\/\/pharmahealthexpo.ma\/wp-content\/uploads\/2025\/12\/Exposer-dans-un-salon-100-business.png);\"><\/div><div class=\"eael-timeline-post-excerpt\"><p>Pour une marque sant\u00e9, la comp\u00e9tition sur les lin\u00e9aires est...<\/p><\/div><div class=\"eael-timeline-post-title\">\n                    <h2 class=\"eael-timeline-post-title-text\">Exhibiting at a 100% business-focused exhibition is no longer an option: it's a growth accelerator<\/h2>\n                <\/div><\/a>\n    <\/div>\n<\/article><article class=\"eael-timeline-post eael-timeline-column\">\n    <div class=\"eael-timeline-bullet\"><\/div>\n    <div class=\"eael-timeline-post-inner\">\n        <a class=\"eael-timeline-post-link\" href=\"https:\/\/pharmahealthexpo.ma\/en\/blog\/lia-dans-la-chirurgie-amelioration-des-resultats-et-precision\/\" title=\"L&rsquo;IA dans la Chirurgie : am\u00e9lioration des r\u00e9sultats et pr\u00e9cision\">\n            <time datetime=\"22 May 2024\">22 May 2024<\/time>\n            <div class=\"eael-timeline-post-image  attachment-medium size-medium\" style=\"background-image: url(https:\/\/pharmahealthexpo.ma\/wp-content\/uploads\/2024\/05\/AI-Surgery.png);\"><\/div><div class=\"eael-timeline-post-excerpt\"><p>L&rsquo;intelligence artificielle (IA) transforme \u00e9galement le domaine de la chirurgie,...<\/p><\/div><div class=\"eael-timeline-post-title\">\n                    <h2 class=\"eael-timeline-post-title-text\">AI in Surgery: improvement of results and precision<\/h2>\n                <\/div><\/a>\n    <\/div>\n<\/article><article class=\"eael-timeline-post eael-timeline-column\">\n    <div class=\"eael-timeline-bullet\"><\/div>\n    <div class=\"eael-timeline-post-inner\">\n        <a class=\"eael-timeline-post-link\" href=\"https:\/\/pharmahealthexpo.ma\/en\/blog\/lia-et-la-medecine-preventive-une-revolution-en-cours\/\" title=\"L&rsquo;IA et la m\u00e9decine pr\u00e9ventive : une r\u00e9volution en cours\">\n            <time datetime=\"22 May 2024\">22 May 2024<\/time>\n            <div class=\"eael-timeline-post-image  attachment-medium size-medium\" style=\"background-image: url(https:\/\/pharmahealthexpo.ma\/wp-content\/uploads\/2024\/05\/IA-et-la-medecine-preventive.png);\"><\/div><div class=\"eael-timeline-post-excerpt\"><p>L&rsquo;intelligence artificielle (IA) est en train de r\u00e9volutionner la m\u00e9decine...<\/p><\/div><div class=\"eael-timeline-post-title\">\n                    <h2 class=\"eael-timeline-post-title-text\">AI and preventive medicine: a revolution in progress<\/h2>\n                <\/div><\/a>\n    <\/div>\n<\/article><article class=\"eael-timeline-post eael-timeline-column\">\n    <div class=\"eael-timeline-bullet\"><\/div>\n    <div class=\"eael-timeline-post-inner\">\n        <a class=\"eael-timeline-post-link\" href=\"https:\/\/pharmahealthexpo.ma\/en\/blog\/lia-dans-la-rehabilitation-et-la-physiotherapie\/\" title=\"L&rsquo;IA dans la r\u00e9habilitation et la physioth\u00e9rapie\">\n            <time datetime=\"20 May 2024\">20 May 2024<\/time>\n            <div class=\"eael-timeline-post-image  attachment-medium size-medium\" style=\"background-image: url(https:\/\/pharmahealthexpo.ma\/wp-content\/uploads\/2024\/05\/IA-dans-la-rehabilitation-et-la-physiotherapie.png);\"><\/div><div class=\"eael-timeline-post-excerpt\"><p>L&rsquo;Intelligence Artificielle (IA) transforme le domaine de la r\u00e9habilitation et...<\/p><\/div><div class=\"eael-timeline-post-title\">\n                    <h2 class=\"eael-timeline-post-title-text\">AI in rehabilitation and physiotherapy<\/h2>\n                <\/div><\/a>\n    <\/div>\n<\/article><article class=\"eael-timeline-post eael-timeline-column\">\n    <div class=\"eael-timeline-bullet\"><\/div>\n    <div class=\"eael-timeline-post-inner\">\n        <a class=\"eael-timeline-post-link\" href=\"https:\/\/pharmahealthexpo.ma\/en\/blog\/les-innovations-alimentees-par-lia-transforment-la-gestion-des-maladies-chroniques\/\" title=\"Les innovations aliment\u00e9es par l&rsquo;IA transforment la gestion des maladies chroniques\">\n            <time datetime=\"20 May 2024\">20 May 2024<\/time>\n            <div class=\"eael-timeline-post-image  attachment-medium size-medium\" style=\"background-image: url(https:\/\/pharmahealthexpo.ma\/wp-content\/uploads\/2024\/05\/Les-innovations-alimentees-par-IA-transforment-la-gestion-des-maladies-chroniques.png);\"><\/div><div class=\"eael-timeline-post-excerpt\"><p>Les maladies chroniques telles que le diab\u00e8te, les maladies cardiovasculaires...<\/p><\/div><div class=\"eael-timeline-post-title\">\n                    <h2 class=\"eael-timeline-post-title-text\">AI-powered innovations are transforming chronic disease management<\/h2>\n                <\/div><\/a>\n    <\/div>\n<\/article><article class=\"eael-timeline-post eael-timeline-column\">\n    <div class=\"eael-timeline-bullet\"><\/div>\n    <div class=\"eael-timeline-post-inner\">\n        <a class=\"eael-timeline-post-link\" href=\"https:\/\/pharmahealthexpo.ma\/en\/blog\/lintelligence-artificielle-dans-le-domaine-de-la-sante-une-revolution-en-marche\/\" title=\"L&rsquo;Intelligence Artificielle dans le domaine de la sant\u00e9 : une r\u00e9volution en marche\">\n            <time datetime=\"20 May 2024\">20 May 2024<\/time>\n            <div class=\"eael-timeline-post-image  attachment-medium size-medium\" style=\"background-image: url(https:\/\/pharmahealthexpo.ma\/wp-content\/uploads\/2024\/05\/Intelligence-artificielle-dans-le-domaine-de-la-sante.png);\"><\/div><div class=\"eael-timeline-post-excerpt\"><p>L&rsquo;Intelligence Artificielle dans le Domaine de la Sant\u00e9 : Une...<\/p><\/div><div class=\"eael-timeline-post-title\">\n                    <h2 class=\"eael-timeline-post-title-text\">Artificial Intelligence in the field of health: a revolution in progress<\/h2>\n                <\/div><\/a>\n    <\/div>\n<\/article><\/div>\n\t\t<\/div>\t\t\t\t<\/div>\n\t\t\t\t<\/div>\n\t\t\t\t\t<\/div>\n\t\t<\/div>\n\t\t\t\t\t<\/div>\n\t\t<\/section>\n\t\t\t\t<\/div>","protected":false},"excerpt":{"rendered":"<p>Articles de Pharma Health Expo Offrant des perspectives exclusives sur les derni\u00e8res tendances et d\u00e9veloppements dans la gestion hospitali\u00e8re, la technologie de la sant\u00e9, les sp\u00e9cialit\u00e9s et bien plus encore. Lire le dernier article 26 et 27 Juin 2026 H\u00f4tel DoubleTree Casablanca (Ex Grand Mogador) Articles en vedette 22 mai 2024 L&rsquo;intelligence artificielle (IA) transforme [&hellip;]<\/p>","protected":false},"author":1,"featured_media":0,"parent":0,"menu_order":0,"comment_status":"closed","ping_status":"closed","template":"elementor_header_footer","meta":{"footnotes":""},"class_list":["post-2449","page","type-page","status-publish","hentry"],"_links":{"self":[{"href":"https:\/\/pharmahealthexpo.ma\/en\/wp-json\/wp\/v2\/pages\/2449","targetHints":{"allow":["GET"]}}],"collection":[{"href":"https:\/\/pharmahealthexpo.ma\/en\/wp-json\/wp\/v2\/pages"}],"about":[{"href":"https:\/\/pharmahealthexpo.ma\/en\/wp-json\/wp\/v2\/types\/page"}],"author":[{"embeddable":true,"href":"https:\/\/pharmahealthexpo.ma\/en\/wp-json\/wp\/v2\/users\/1"}],"replies":[{"embeddable":true,"href":"https:\/\/pharmahealthexpo.ma\/en\/wp-json\/wp\/v2\/comments?post=2449"}],"version-history":[{"count":67,"href":"https:\/\/pharmahealthexpo.ma\/en\/wp-json\/wp\/v2\/pages\/2449\/revisions"}],"predecessor-version":[{"id":4934,"href":"https:\/\/pharmahealthexpo.ma\/en\/wp-json\/wp\/v2\/pages\/2449\/revisions\/4934"}],"wp:attachment":[{"href":"https:\/\/pharmahealthexpo.ma\/en\/wp-json\/wp\/v2\/media?parent=2449"}],"curies":[{"name":"wp","href":"https:\/\/api.w.org\/{rel}","templated":true}]}}